{"id":24,"date":"2023-02-28T17:15:23","date_gmt":"2023-02-28T17:15:23","guid":{"rendered":"https:\/\/uebertritt.realschule-hoechstadt.de\/?page_id=24"},"modified":"2024-10-07T18:11:30","modified_gmt":"2024-10-07T16:11:30","slug":"uebertritt-an-die-realschule-hoechstadt","status":"publish","type":"page","link":"https:\/\/beratung.realschule-hoechstadt.de\/","title":{"rendered":"Beratung aktuell"},"content":{"rendered":"<div class=\"the-update\">letzte \u00c4nderung: 07.10.2024<\/div>\n<p>Auf diesen Seiten finden Sie <span class=\"show_emph\">Beratungs- und Unterst\u00fctzungsm\u00f6glichkeiten f\u00fcr Eltern und Sch&uuml;ler:innen<\/span> unserer Schule. W&auml;hlen Sie einfach oben im Men&uuml; das passende Thema.<\/p>\n<p>&nbsp;<\/p>\n<p>Neben den hier vorgestellten Personen und Institutionen finden Sie <span class=\"show_emph\">Unterst&uuml;tzung nat&uuml;rlich auch bei<\/span><\/p>\n<ul>\n<li><span class=\"show_emph\">Fachlehrerkr&auml;ften<\/span><\/li>\n<li><span class=\"show_emph\">Klassleitung<\/span><\/li>\n<li><span class=\"show_emph\">Schulleitung<\/span><\/li>\n<\/ul>\n<p>&nbsp;<\/p>\n<p>Au&szlig;erdem gibt es unter dem Men&uuml;punkt <span class=\"show_emph\">&#8222;extern&#8220;<\/span> weitere Hilfsangebote <span class=\"show_emph\">au&szlig;erhalb der Schule<\/span>.<\/p>\n<p>&nbsp;<\/p>\n<p>Den <span class=\"show_emph\">Antrag Nachteilsausgleich Notenschutz<\/span> und den <span class=\"show_emph\">Elternfragebogen zur &Uuml;berpr&uuml;fung einer Lese- und\/oder Rechtschreibst&ouml;rung<\/span> finden Sie auf der Seite unserer<\/p>\n<h3 class=\"show_emph\"><a href=\"https:\/\/beratung.realschule-hoechstadt.de\/?page_id=246\">&gt;&gt; Schulpsychologin<\/a><\/h3>\n<p>&nbsp;<\/p>\n","protected":false},"excerpt":{"rendered":"<p>letzte \u00c4nderung: 07.10.2024 Auf diesen Seiten finden Sie Beratungs- und Unterst\u00fctzungsm\u00f6glichkeiten f\u00fcr Eltern und Sch&uuml;ler:innen unserer Schule. W&auml;hlen Sie einfach oben im Men&uuml; das passende Thema. &nbsp; Neben den hier vorgestellten Personen und Institutionen finden Sie Unterst&uuml;tzung nat&uuml;rlich auch bei Fachlehrerkr&auml;ften Klassleitung Schulleitung &nbsp; Au&szlig;erdem gibt es unter dem Men&uuml;punkt &#8222;extern&#8220; weitere Hilfsangebote au&szlig;erhalb der [&hellip;]<\/p>\n","protected":false},"author":1,"featured_media":0,"parent":0,"menu_order":0,"comment_status":"closed","ping_status":"closed","template":"","meta":{"footnotes":""},"class_list":["post-24","page","type-page","status-publish","hentry"],"_links":{"self":[{"href":"https:\/\/beratung.realschule-hoechstadt.de\/index.php?rest_route=\/wp\/v2\/pages\/24","targetHints":{"allow":["GET"]}}],"collection":[{"href":"https:\/\/beratung.realschule-hoechstadt.de\/index.php?rest_route=\/wp\/v2\/pages"}],"about":[{"href":"https:\/\/beratung.realschule-hoechstadt.de\/index.php?rest_route=\/wp\/v2\/types\/page"}],"author":[{"embeddable":true,"href":"https:\/\/beratung.realschule-hoechstadt.de\/index.php?rest_route=\/wp\/v2\/users\/1"}],"replies":[{"embeddable":true,"href":"https:\/\/beratung.realschule-hoechstadt.de\/index.php?rest_route=%2Fwp%2Fv2%2Fcomments&post=24"}],"version-history":[{"count":14,"href":"https:\/\/beratung.realschule-hoechstadt.de\/index.php?rest_route=\/wp\/v2\/pages\/24\/revisions"}],"predecessor-version":[{"id":674,"href":"https:\/\/beratung.realschule-hoechstadt.de\/index.php?rest_route=\/wp\/v2\/pages\/24\/revisions\/674"}],"wp:attachment":[{"href":"https:\/\/beratung.realschule-hoechstadt.de\/index.php?rest_route=%2Fwp%2Fv2%2Fmedia&parent=24"}],"curies":[{"name":"wp","href":"https:\/\/api.w.org\/{rel}","templated":true}]}}