{"id":241,"date":"2023-10-22T21:24:18","date_gmt":"2023-10-22T19:24:18","guid":{"rendered":"https:\/\/beratung.realschule-hoechstadt.de\/?page_id=241"},"modified":"2023-11-06T20:30:10","modified_gmt":"2023-11-06T18:30:10","slug":"extern","status":"publish","type":"page","link":"https:\/\/beratung.realschule-hoechstadt.de\/?page_id=241","title":{"rendered":"extern"},"content":{"rendered":"<h3 class=\"the_headline\">Angebote au\u00dferhalb der Schule<\/h3>\n<p>&nbsp;<\/p>\n<ul>\n<li>\n<h3 class=\"show_emph\">Telefonseelsorge<\/h3>\n<p>0&#56;&#48;&#48;&#x20;&#x2f;&#x20;11&#49;&#32;&#x30;&#x20;&#x31;&#x31;1 (kostenfrei)<br \/>\n&#48;8&#x30;0&#x20;&#47;&#x20;&#49;&#x31;&#49; &#x30; &#x32;&#50;&#x32; (kostenfrei)\n<\/li>\n<p>&nbsp;<\/p>\n<li>\n<h3 class=\"show_emph\">Nummer gegen Kummer<\/h3>\n<p>Sch\u00fcler 0&#56;&#x30;&#x30;&#x20;\/&#32;&#x31;&#x31;&#x31; &#48;&#x20;&#x33;&#x33;3 (kostenfrei)<br \/>\nEltern 0&#56;&#48;&#48;&#x20;&#x2f;&#x20;11&#49;&#32;&#x30;&#x20;&#x32;&#x35;50 (kostenfrei)\n<\/li>\n<p>&nbsp;<\/p>\n<li>\n<h3 class=\"show_emph\">Krisendienst Mittelfranken<\/h3>\n<p>&#x30;&#57;&#x31;&#x31; &#x2f;&#32;4&#x32;&#32;4&#x38;&#32;&#x35;&#x35;0 (auch am Wochenende!)<br \/>\nbei akuten Notf\u00e4llen<br \/>\nWeb: <span class=\"mailtolink\"><a class=\"mailtolink\" href=\"http:\/\/www.krisendienst-mittelfranken.de\" target=\"_blank\" rel=\"noopener noreferrer\">www.krisendienst-mittelfranken.de<\/a><\/span>\n<\/li>\n<p>&nbsp;<\/p>\n<li>\n<h3 class=\"show_emph\">Erziehungs-, Jugend- und Familienberatungsstelle der Caritas<\/h3>\n<p>Steinwegstr. 1, 91315 H\u00f6chstadt<br \/>\nTel: &#48;&#x39;&#49;&#x39;&#51;&#x20;\/&#x20;6&#x39; &#56;&#x35;&#32;&#x38;&#52; (Frau Welker)\n<\/li>\n<p>&nbsp;<\/p>\n<li>\n<h3 class=\"show_emph\">Erziehungsberatungsstelle der Caritas Herzogenaurach<\/h3>\n<p>Anna-Herrmannstr. 3<br \/>\n91074 Herzogenaurach<br \/>\nTel.: &#x30;9&#x31;3&#x32;&#32;&#x2f;&#32;8&#x30;8&#x38;<br \/>\nEmail: &#101;b&#64;c&#97;r&#x69;t&#x61;s&#x2d;e&#x72;l&#x61;n&#x67;e&#x6e;&#46;&#x64;e<br \/>\nWeb: <span class=\"mailtolink\"><a class=\"mailtolink\" href=\"http:\/\/www.caritas-erlangen.de\" target=\"_blank\" rel=\"noopener noreferrer\">www.caritas-erlangen.de<\/a><\/span>\n<\/li>\n<p>&nbsp;<\/p>\n<li>\n<h3 class=\"show_emph\">Amt f\u00fcr Kinder, Jugend und Familie<\/h3>\n<p>im Landratsamt Erlangen, Karl-Zucker-Str. 10, Erlangen<br \/>\nTel: &#48;&#x39;&#49;&#x33;&#49;&#x20;&#47;&#x20;&#56;&#x30;&#51;&#x20;2&#x35;9\n<\/li>\n<p>&nbsp;<\/p>\n<li>\n<h3 class=\"show_emph\">Polizeiinspektion H\u00f6chstadt<\/h3>\n<p>Lindenstr. 23, 91315 H\u00f6chstadt<br \/>\nTel: 0&#57;&#x31;&#x39;3&#32;&#x2f;&#x20;6&#51;&#x20;&#x39;4&#48;\n<\/li>\n<p>&nbsp;<\/p>\n<li>\n<h3 class=\"show_emph\">Kinder&auml;rzte und Fach&auml;rzte f&uuml;r Kinder&ndash; und Jugendpsychatrie<\/h3>\n<\/li>\n<p>&nbsp;<\/p>\n<li>\n<h3 class=\"show_emph\">psychologische Psychotherapeuten<\/h3>\n<\/li>\n<p>&nbsp;<\/p>\n<li>\n<h3 class=\"show_emph\">Kliniken<\/h3>\n<\/li>\n<p>&nbsp;<\/p>\n<li>\n<h3 class=\"show_emph\">BKE&ndash;Onlineberatung<\/h3>\n<p>Online&ndash;Beratungsangebot f&uuml;r Jugendliche der Bundeskonferenz f&uuml;r Erziehungsberatung<br \/>\nWeb: <span class=\"mailtolink\"><a class=\"mailtolink\" href=\"http:\/\/www.bke-beratung.de\" target=\"_blank\" rel=\"noopener noreferrer\">www.bke-beratung.de<\/a><\/span>\n<\/li>\n<\/ul>\n<p>&nbsp;<\/p>\n","protected":false},"excerpt":{"rendered":"<p>Angebote au\u00dferhalb der Schule &nbsp; Telefonseelsorge (kostenfrei) (kostenfrei) &nbsp; Nummer gegen Kummer Sch\u00fcler (kostenfrei) Eltern (kostenfrei) &nbsp; Krisendienst Mittelfranken (auch am Wochenende!) bei akuten Notf\u00e4llen Web: www.krisendienst-mittelfranken.de &nbsp; Erziehungs-, Jugend- und Familienberatungsstelle der Caritas Steinwegstr. 1, 91315 H\u00f6chstadt Tel: (Frau Welker) &nbsp; Erziehungsberatungsstelle der Caritas Herzogenaurach Anna-Herrmannstr. 3 91074 Herzogenaurach Tel.: Email: &#101;&#x62;&#64;&#x63;&#97;&#x72;&#105;&#x74;&#97;&#x73;&#45;&#x65;&#114;&#x6c;&#97;&#x6e;&#103;&#x65;&#110;&#x2e;&#100;&#x65; Web: www.caritas-erlangen.de [&hellip;]<\/p>\n","protected":false},"author":1,"featured_media":0,"parent":0,"menu_order":0,"comment_status":"closed","ping_status":"closed","template":"","meta":{"footnotes":""},"class_list":["post-241","page","type-page","status-publish","hentry"],"_links":{"self":[{"href":"https:\/\/beratung.realschule-hoechstadt.de\/index.php?rest_route=\/wp\/v2\/pages\/241","targetHints":{"allow":["GET"]}}],"collection":[{"href":"https:\/\/beratung.realschule-hoechstadt.de\/index.php?rest_route=\/wp\/v2\/pages"}],"about":[{"href":"https:\/\/beratung.realschule-hoechstadt.de\/index.php?rest_route=\/wp\/v2\/types\/page"}],"author":[{"embeddable":true,"href":"https:\/\/beratung.realschule-hoechstadt.de\/index.php?rest_route=\/wp\/v2\/users\/1"}],"replies":[{"embeddable":true,"href":"https:\/\/beratung.realschule-hoechstadt.de\/index.php?rest_route=%2Fwp%2Fv2%2Fcomments&post=241"}],"version-history":[{"count":7,"href":"https:\/\/beratung.realschule-hoechstadt.de\/index.php?rest_route=\/wp\/v2\/pages\/241\/revisions"}],"predecessor-version":[{"id":583,"href":"https:\/\/beratung.realschule-hoechstadt.de\/index.php?rest_route=\/wp\/v2\/pages\/241\/revisions\/583"}],"wp:attachment":[{"href":"https:\/\/beratung.realschule-hoechstadt.de\/index.php?rest_route=%2Fwp%2Fv2%2Fmedia&parent=241"}],"curies":[{"name":"wp","href":"https:\/\/api.w.org\/{rel}","templated":true}]}}