{"id":243,"date":"2023-10-22T21:48:33","date_gmt":"2023-10-22T19:48:33","guid":{"rendered":"https:\/\/beratung.realschule-hoechstadt.de\/?page_id=243"},"modified":"2023-11-07T22:07:45","modified_gmt":"2023-11-07T20:07:45","slug":"berufswahl","status":"publish","type":"page","link":"https:\/\/beratung.realschule-hoechstadt.de\/?page_id=243","title":{"rendered":"Berufswahl"},"content":{"rendered":"<h3 class=\"the_headline\">Berufsberatung Herr Albrecht<\/h3>\n<ul>\n<li>Telefon: &#x30;&#56;0&#x30;&#x20;&#47; &#x34;&#53; &#x35;&#x35;&#32;5&#x30;&#48; (kostenfrei)<\/li>\n<li>Email: <span class=\"mailtolink\"><a class=\"mailtolink\" href=\"&#109;&#x61;&#105;&#x6c;&#116;&#x6f;&#58;&#x6a;&#117;&#x6c;&#105;&#x61;&#110;&#x2e;&#97;&#x6c;&#98;&#x72;&#101;&#x63;&#104;&#x74;&#64;&#x61;&#114;&#x62;&#101;&#x69;&#116;&#x73;&#97;&#x67;&#101;&#x6e;&#116;&#x75;&#114;&#x2e;&#100;&#x65;\">&#x6a;&#x75;&#108;i&#x61;&#x6e;&#x2e;&#97;l&#x62;&#x72;&#x65;&#99;h&#x74;&#x40;&#x61;&#114;b&#x65;&#x69;&#x74;&#115;a&#x67;&#x65;&#x6e;&#116;u&#x72;&#x2e;&#x64;&#101;<\/a><\/span><\/li>\n<\/ul>\n<p>&nbsp;<\/p>\n<h3 class=\"the_headline\">&Uuml;berblick<\/h3>\n<p><a title=\"Berufsberatung Aushang 2023-10\" href=\"https:\/\/beratung.realschule-hoechstadt.de\/wp-content\/uploads\/2023\/11\/Berufsberatung.Aushang.2023-10.pdf\"><img loading=\"lazy\" decoding=\"async\" src=\"https:\/\/beratung.realschule-hoechstadt.de\/wp-content\/uploads\/2023\/11\/Berufsberatung.Aushang.2023-10.16x9-300x169.jpg\" alt=\"\" width=\"300\" height=\"169\" class=\"alignnone size-medium wp-image-647\" srcset=\"https:\/\/beratung.realschule-hoechstadt.de\/wp-content\/uploads\/2023\/11\/Berufsberatung.Aushang.2023-10.16x9-300x169.jpg 300w, https:\/\/beratung.realschule-hoechstadt.de\/wp-content\/uploads\/2023\/11\/Berufsberatung.Aushang.2023-10.16x9-768x432.jpg 768w, https:\/\/beratung.realschule-hoechstadt.de\/wp-content\/uploads\/2023\/11\/Berufsberatung.Aushang.2023-10.16x9.jpg 800w\" sizes=\"auto, (max-width: 300px) 100vw, 300px\" \/><\/a><\/p>\n<h3 class=\"show_emph\"><a title=\"Berufsberatung Aushang 2023-10\" href=\"https:\/\/beratung.realschule-hoechstadt.de\/wp-content\/uploads\/2023\/11\/Berufsberatung.Aushang.2023-10.pdf\">&gt;&gt; Berufsberatung &Uuml;berblick (PDF)<\/a><\/h3>\n<p>&nbsp;<\/p>\n<h3 class=\"the_headline\">Elternabend 2023<\/h3>\n<p><img loading=\"lazy\" decoding=\"async\" src=\"https:\/\/beratung.realschule-hoechstadt.de\/wp-content\/uploads\/2023\/11\/Berufsberatung.Elternabend-RS-Hoes.2023-10-300x169.jpg\" alt=\"\" width=\"300\" height=\"169\" class=\"alignnone size-medium wp-image-402\" srcset=\"https:\/\/beratung.realschule-hoechstadt.de\/wp-content\/uploads\/2023\/11\/Berufsberatung.Elternabend-RS-Hoes.2023-10-300x169.jpg 300w, https:\/\/beratung.realschule-hoechstadt.de\/wp-content\/uploads\/2023\/11\/Berufsberatung.Elternabend-RS-Hoes.2023-10-768x432.jpg 768w, https:\/\/beratung.realschule-hoechstadt.de\/wp-content\/uploads\/2023\/11\/Berufsberatung.Elternabend-RS-Hoes.2023-10.jpg 800w\" sizes=\"auto, (max-width: 300px) 100vw, 300px\" \/><\/p>\n<h3 class=\"show_emph\"><a title=\"Berufsberatung Elternabend-RS-Hoes 2023-10\" href=\"https:\/\/beratung.realschule-hoechstadt.de\/wp-content\/uploads\/2023\/11\/Berufsberatung.Elternabend-RS-Hoes.2023-10.pdf\">&gt;&gt; Elternabend 2023-10 (PDF)<\/a><\/h3>\n<h3 class=\"show_emph\"><a title=\"Berufsberatung Elternabend-Handout 2023-10\" href=\"https:\/\/beratung.realschule-hoechstadt.de\/wp-content\/uploads\/2023\/11\/Berufsberatung.Elternabend-Handout.2023-10.pdf\">&gt;&gt; Elternabend-Handout (PDF)<\/a><\/h3>\n<p>&nbsp;<\/p>\n<h3 class=\"the_headline_list\">Ausbildungsplatzb&ouml;rse technische Berufe<\/h3>\n<ul>\n<li>Tests zur <span class=\"show_emph\">Berufswahl<\/span><\/li>\n<li>Tipps und Tricks f\u00fcr die <span class=\"show_emph\">Bewerbung<\/span> und das <span class=\"show_emph\">Vorstellungsgespr\u00e4ch<\/span><\/li>\n<\/ul>\n<h3 class=\"show_emph\"><a href=\"https:\/\/www.ausbildungsoffensive-bayern.de\/\" target=\"_blank\" rel=\"noopener\">&gt;&gt; Ausbildungsplatzb&ouml;rse f\u00fcr technische Berufe <\/a><\/h3>\n<p>&nbsp;<\/p>\n<h3 class=\"the_headline\">aktuelle Informationen<\/h3>\n<h3 class=\"show_emph\"><a target=\"_blank\" href=\"https:\/\/www.azubiyo.de\" rel=\"noopener noreferrer\">&gt;&gt; www.azubiyo.de <\/a><\/h3>\n<h3 class=\"show_emph\"><a target=\"_blank\" href=\"https:\/\/www.jobb\u00f6rse.de\" rel=\"noopener noreferrer\">&gt;&gt; www.jobb\u00f6rse.de <\/a><\/h3>\n<h3 class=\"show_emph\"><a target=\"_blank\" href=\"https:\/\/www.jobb\u00f6rse.de\/ausbildung\" rel=\"noopener noreferrer\">&gt;&gt; www.jobb\u00f6rse.de\/ausbildung <\/a><\/h3>\n<h3 class=\"show_emph\"><a target=\"_blank\" href=\"https:\/\/www.jobb\u00f6rse.de\/praktikum\" rel=\"noopener noreferrer\">&gt;&gt; www.jobb\u00f6rse.de\/praktikum <\/a><\/h3>\n<p>&nbsp;<\/p>\n<h3 class=\"show_emph\"><a target=\"_blank\" href=\"https:\/\/www.berufe.tv\" rel=\"noopener noreferrer\">&gt;&gt; www.berufe.tv <\/a><\/h3>\n<h3 class=\"show_emph\"><a target=\"_blank\" href=\"https:\/\/www.planet-beruf.de\" rel=\"noopener noreferrer\">&gt;&gt; www.planet-beruf.de <\/a><\/h3>\n<h3 class=\"show_emph\"><a target=\"_blank\" href=\"https:\/\/planet-beruf.de\/schuelerinnen\/mein-beruf\/berufe-von-a-z\" rel=\"noopener noreferrer\">&gt;&gt; planet-beruf.de: Berufe von A bis Z <\/a><\/h3>\n<h3 class=\"show_emph\"><a target=\"_blank\" href=\"https:\/\/berufenet.arbeitsagentur.de\" rel=\"noopener noreferrer\">&gt;&gt; berufenet.arbeitsagentur.de <\/a><\/h3>\n<p>&nbsp;<\/p>\n<p>F&uuml;r <span class=\"show_emph\">tablets und smartphones<\/span> gibt es au&szlig; folgende <span class=\"show_red\">apps<\/span>:<\/p>\n<p><span class=\"show_red\">AzubiWelt<\/span> von der Bundesagentur f&uuml;r Arbeit<\/p>\n<p>[Die app <span class=\"show_emph\">BERUFE Entdecker<\/span> von &#8222;Meramo Verlag GmbH&#8220; wurde zwischenzeitlich eingestellt.]<\/p>\n<p>&nbsp; <\/p>\n<p>Gerne k&ouml;nnen sich interessierte Eltern und Sch&uuml;lerinnen \/ Sch&uuml;ler wie immer auch <span class=\"show_emph\">per E-Mail an unseren Berufsberater<\/span> wenden f&uuml;r eine telefonische Beratung.<\/p>\n<p>Die Kontaktdaten finden sich am <span class=\"show_emph\">Anfang dieser Seite<\/span>.<\/p>\n<p>&nbsp;<\/p>\n<p>&nbsp;<\/p>\n","protected":false},"excerpt":{"rendered":"<p>Berufsberatung Herr Albrecht Telefon: (kostenfrei) Email: &#x6a;&#x75;&#x6c;&#105;&#97;n&#46;&#x61;&#x6c;&#x62;&#x72;&#101;&#99;ht&#x40;&#x61;&#x72;&#98;&#101;&#105;ts&#x61;&#x67;&#x65;&#110;&#116;ur&#x2e;&#x64;&#x65; &nbsp; &Uuml;berblick &gt;&gt; Berufsberatung &Uuml;berblick (PDF) &nbsp; Elternabend 2023 &gt;&gt; Elternabend 2023-10 (PDF) &gt;&gt; Elternabend-Handout (PDF) &nbsp; Ausbildungsplatzb&ouml;rse technische Berufe Tests zur Berufswahl Tipps und Tricks f\u00fcr die Bewerbung und das Vorstellungsgespr\u00e4ch &gt;&gt; Ausbildungsplatzb&ouml;rse f\u00fcr technische Berufe &nbsp; aktuelle Informationen &gt;&gt; www.azubiyo.de &gt;&gt; www.jobb\u00f6rse.de &gt;&gt; www.jobb\u00f6rse.de\/ausbildung &gt;&gt; www.jobb\u00f6rse.de\/praktikum [&hellip;]<\/p>\n","protected":false},"author":1,"featured_media":0,"parent":0,"menu_order":0,"comment_status":"closed","ping_status":"closed","template":"","meta":{"footnotes":""},"class_list":["post-243","page","type-page","status-publish","hentry"],"_links":{"self":[{"href":"https:\/\/beratung.realschule-hoechstadt.de\/index.php?rest_route=\/wp\/v2\/pages\/243","targetHints":{"allow":["GET"]}}],"collection":[{"href":"https:\/\/beratung.realschule-hoechstadt.de\/index.php?rest_route=\/wp\/v2\/pages"}],"about":[{"href":"https:\/\/beratung.realschule-hoechstadt.de\/index.php?rest_route=\/wp\/v2\/types\/page"}],"author":[{"embeddable":true,"href":"https:\/\/beratung.realschule-hoechstadt.de\/index.php?rest_route=\/wp\/v2\/users\/1"}],"replies":[{"embeddable":true,"href":"https:\/\/beratung.realschule-hoechstadt.de\/index.php?rest_route=%2Fwp%2Fv2%2Fcomments&post=243"}],"version-history":[{"count":29,"href":"https:\/\/beratung.realschule-hoechstadt.de\/index.php?rest_route=\/wp\/v2\/pages\/243\/revisions"}],"predecessor-version":[{"id":649,"href":"https:\/\/beratung.realschule-hoechstadt.de\/index.php?rest_route=\/wp\/v2\/pages\/243\/revisions\/649"}],"wp:attachment":[{"href":"https:\/\/beratung.realschule-hoechstadt.de\/index.php?rest_route=%2Fwp%2Fv2%2Fmedia&parent=243"}],"curies":[{"name":"wp","href":"https:\/\/api.w.org\/{rel}","templated":true}]}}