{"id":386,"date":"2023-11-03T23:05:43","date_gmt":"2023-11-03T21:05:43","guid":{"rendered":"https:\/\/beratung.realschule-hoechstadt.de\/?page_id=386"},"modified":"2023-11-07T21:40:16","modified_gmt":"2023-11-07T19:40:16","slug":"betriebspraktikum","status":"publish","type":"page","link":"https:\/\/beratung.realschule-hoechstadt.de\/?page_id=386","title":{"rendered":"Betriebspraktikum"},"content":{"rendered":"<h3 class=\"the_headline\">Betriebspraktikum Klasse 9<\/h3>\n<p>&nbsp;<\/p>\n<p>Das Betriebspraktikum soll die Sch\u00fcler an die Wirtschafts- und Arbeitswelt heranf\u00fchren und sie bei der Berufswahl unterst\u00fctzen. Die Sch\u00fcler k\u00f6nnen ihre im Unterricht und bei Betriebserkundungen erworbenen Kenntnisse und Einsichten einsetzen und erweitern. Durch eigenes Arbeiten und Mitarbeiten, Erleben und gezieltes Beobachten sollen die Sch\u00fcler zum ersten Mal erfahren, was es hei\u00dft, beruflich t\u00e4tig zu sein.<\/p>\n<h3 class=\"show_emph\"><a title=\"Praktikumberichtsheft\" href=\"https:\/\/beratung.realschule-hoechstadt.de\/wp-content\/uploads\/2023\/11\/Praktikumsberichtsheft-2015.pdf\" target=\"_blank\" rel=\"noopener noreferrer\">&gt;&gt; Praktikumberichtsheft (PDF)<\/a><\/h3>\n<p>&nbsp;<\/p>\n<h3 class=\"the_headline\">Sprechstunde zum Betriebspraktikum<\/h3>\n<p>Donnerstag erste Pause bei Frau Kraus<\/p>\n<p>&nbsp;<\/p>\n<h3 class=\"the_headline\">Finde deinen Traumberuf!<\/h3>\n<h3 class=\"show_emph\"><a href=\"https:\/\/beratung.realschule-hoechstadt.de\/?page_id=599\">&gt;&gt; Praktikum und Berufsfindung<\/a><\/h3>\n<p>&nbsp;<\/p>\n<h3 class=\"the_headline\">f&uuml;r j&uuml;ngere Sch&uuml;ler:innen<\/h3>\n<h3 class=\"show_emph\"><a href=\"https:\/\/beratung.realschule-hoechstadt.de\/?page_id=476\">&gt;&gt; Camps und Praktika in technischen Berufsfeldern<\/a><\/h3>\n<h3 class=\"show_emph\"><a href=\"http:\/\/www.girls-day.de\/\" target=\"_blank\" rel=\"noopener\">&gt;&gt; Girls Day<\/a><\/h3>\n<h3 class=\"show_emph\"><a href=\"http:\/\/www.boys-day.de\/\" target=\"_blank\" rel=\"noopener\">&gt;&gt; Boys Day<\/a><\/h3>\n<p>&nbsp;<\/p>\n","protected":false},"excerpt":{"rendered":"<p>Betriebspraktikum Klasse 9 &nbsp; Das Betriebspraktikum soll die Sch\u00fcler an die Wirtschafts- und Arbeitswelt heranf\u00fchren und sie bei der Berufswahl unterst\u00fctzen. Die Sch\u00fcler k\u00f6nnen ihre im Unterricht und bei Betriebserkundungen erworbenen Kenntnisse und Einsichten einsetzen und erweitern. Durch eigenes Arbeiten und Mitarbeiten, Erleben und gezieltes Beobachten sollen die Sch\u00fcler zum ersten Mal erfahren, was es [&hellip;]<\/p>\n","protected":false},"author":1,"featured_media":0,"parent":0,"menu_order":0,"comment_status":"closed","ping_status":"closed","template":"","meta":{"footnotes":""},"class_list":["post-386","page","type-page","status-publish","hentry"],"_links":{"self":[{"href":"https:\/\/beratung.realschule-hoechstadt.de\/index.php?rest_route=\/wp\/v2\/pages\/386","targetHints":{"allow":["GET"]}}],"collection":[{"href":"https:\/\/beratung.realschule-hoechstadt.de\/index.php?rest_route=\/wp\/v2\/pages"}],"about":[{"href":"https:\/\/beratung.realschule-hoechstadt.de\/index.php?rest_route=\/wp\/v2\/types\/page"}],"author":[{"embeddable":true,"href":"https:\/\/beratung.realschule-hoechstadt.de\/index.php?rest_route=\/wp\/v2\/users\/1"}],"replies":[{"embeddable":true,"href":"https:\/\/beratung.realschule-hoechstadt.de\/index.php?rest_route=%2Fwp%2Fv2%2Fcomments&post=386"}],"version-history":[{"count":13,"href":"https:\/\/beratung.realschule-hoechstadt.de\/index.php?rest_route=\/wp\/v2\/pages\/386\/revisions"}],"predecessor-version":[{"id":643,"href":"https:\/\/beratung.realschule-hoechstadt.de\/index.php?rest_route=\/wp\/v2\/pages\/386\/revisions\/643"}],"wp:attachment":[{"href":"https:\/\/beratung.realschule-hoechstadt.de\/index.php?rest_route=%2Fwp%2Fv2%2Fmedia&parent=386"}],"curies":[{"name":"wp","href":"https:\/\/api.w.org\/{rel}","templated":true}]}}