{"id":476,"date":"2023-11-05T00:53:02","date_gmt":"2023-11-04T22:53:02","guid":{"rendered":"https:\/\/beratung.realschule-hoechstadt.de\/?page_id=476"},"modified":"2023-11-05T02:00:15","modified_gmt":"2023-11-05T00:00:15","slug":"technikpraktika","status":"publish","type":"page","link":"https:\/\/beratung.realschule-hoechstadt.de\/?page_id=476","title":{"rendered":"Camps und Praktika in technischen Berufsfeldern"},"content":{"rendered":"<p>Die Links auf dieser Seite verweisen auf <span class=\"show_emph\">externe Anbieter<\/span>.<\/p>\n<p>&nbsp;<\/p>\n<h3 class=\"the_headline_list\">Technik Zukunft in Bayern 4.0<\/h3>\n<p>Camps f\u00fcr Sch\u00fclerinnen und Sch\u00fcler aller Schularten von 12-14 Jahren<\/p>\n<h3 class=\"show_emph\"><a target=\"_blank\" title=\"Ferien-Camps\" href=\"https:\/\/www.tezba.de\/camptermine\/\" rel=\"noopener\">&gt;&gt; Ferien-Camps zum Thema &#8222;technische Berufsorientierung&#8220;<\/a><\/h3>\n<p>&nbsp;<\/p>\n<h3 class=\"the_headline_list\">Tauche ein in die spannende Welt der Technik<\/h3>\n<p>einw&ouml;chige Technikcamps w&auml;hrend der Ferien f&uuml;r Jungen von 12 bis 14 Jahren<\/p>\n<h3 class=\"show_emph\"><a href=\"https:\/\/www.tezba.de\/projekte\/technik-checker\/\" target=\"_blank\" rel=\"noopener\">&gt;&gt; Technik-Checker<\/a><\/h3>\n<p>&nbsp;<\/p>\n<h3 class=\"the_headline_list\">Technische Berufe hautnah erleben!<\/h3>\n<p>f\u00fcr M&auml;dchen und Jungs aus Mittelschulen, Wirtschaftsschulen und Realschulen (8.\/9. Klasse), in den Schulferien spannende regionale Ausbildungsberufe und Arbeitgeber kennen lernen<\/p>\n<h3 class=\"show_emph\"><a href=\"https:\/\/www.tezba.de\/projekte\/hightech-live\/\" target=\"_blank\" rel=\"noopener\">&gt;&gt; Hightech live!<\/a><\/h3>\n<p>&nbsp;<\/p>\n<h3 class=\"the_headline_list\">M&auml;dchen-und-Technik Praktikum<\/h3>\n<p>Technischen Fakult&auml;t der FAU Erlangen, f\u00fcr Sch&uuml;lerinnen der Jahrgangsstufe 7 &ndash; 12<\/p>\n<h3 class=\"show_emph\"><a href=\"http:\/\/www.maedchen-technik.de\/\" target=\"_blank\" rel=\"noopener\">&gt;&gt; M&auml;dchen-und-Technik Praktikum (FAU Erlangen)<\/a><\/h3>\n<p>&nbsp;<\/p>\n<h3 class=\"the_headline_list\">Eine Woche in der digitalen Arbeitswelt<\/h3>\n<p>Erarbeitung eines digitalen Projektsauftrages zusammen mit Ausbilder:innen, Auszubildenden und Unternehmensexpert:innen, f\u00fcr Sch\u00fclerinnen und Sch\u00fcler zwischen 12 und 14 bzw. zwischen 15 und 18 Jahren (je nach Wunsch des Unternehmens)<\/p>\n<h3 class=\"show_emph\"><a href=\"https:\/\/www.tezba.de\/projekte\/digicamp\/\" target=\"_blank\" rel=\"noopener\">&gt;&gt; Digi-Camp<\/a><\/h3>\n<p>&nbsp;<\/p>\n<h3 class=\"the_headline_list\">Probiere dich als Ingenieurin von morgen aus!<\/h3>\n<p>Kontakt zu Unternehmen und Hochschulen kn\u00fcpfen, den Arbeitsalltag einer Ingenieurin miterleben, f\u00fcr M&auml;dchen von 15 bis 18 Jahren aus bayerischen Mittelschulen (M-Zug), Wirtschaftsschulen, Realschulen, Gymnasien und FOS\/BOS<\/p>\n<h3 class=\"show_emph\"><a href=\"https:\/\/www.tezba.de\/projekte\/forscherinnen-camp\/\" target=\"_blank\" rel=\"noopener\">&gt;&gt; Forscherinnen-Camp<\/a><\/h3>\n<p>&nbsp;<\/p>\n","protected":false},"excerpt":{"rendered":"<p>Die Links auf dieser Seite verweisen auf externe Anbieter. &nbsp; Technik Zukunft in Bayern 4.0 Camps f\u00fcr Sch\u00fclerinnen und Sch\u00fcler aller Schularten von 12-14 Jahren &gt;&gt; Ferien-Camps zum Thema &#8222;technische Berufsorientierung&#8220; &nbsp; Tauche ein in die spannende Welt der Technik einw&ouml;chige Technikcamps w&auml;hrend der Ferien f&uuml;r Jungen von 12 bis 14 Jahren &gt;&gt; Technik-Checker &nbsp; [&hellip;]<\/p>\n","protected":false},"author":1,"featured_media":0,"parent":386,"menu_order":0,"comment_status":"closed","ping_status":"closed","template":"","meta":{"footnotes":""},"class_list":["post-476","page","type-page","status-publish","hentry"],"_links":{"self":[{"href":"https:\/\/beratung.realschule-hoechstadt.de\/index.php?rest_route=\/wp\/v2\/pages\/476","targetHints":{"allow":["GET"]}}],"collection":[{"href":"https:\/\/beratung.realschule-hoechstadt.de\/index.php?rest_route=\/wp\/v2\/pages"}],"about":[{"href":"https:\/\/beratung.realschule-hoechstadt.de\/index.php?rest_route=\/wp\/v2\/types\/page"}],"author":[{"embeddable":true,"href":"https:\/\/beratung.realschule-hoechstadt.de\/index.php?rest_route=\/wp\/v2\/users\/1"}],"replies":[{"embeddable":true,"href":"https:\/\/beratung.realschule-hoechstadt.de\/index.php?rest_route=%2Fwp%2Fv2%2Fcomments&post=476"}],"version-history":[{"count":28,"href":"https:\/\/beratung.realschule-hoechstadt.de\/index.php?rest_route=\/wp\/v2\/pages\/476\/revisions"}],"predecessor-version":[{"id":509,"href":"https:\/\/beratung.realschule-hoechstadt.de\/index.php?rest_route=\/wp\/v2\/pages\/476\/revisions\/509"}],"up":[{"embeddable":true,"href":"https:\/\/beratung.realschule-hoechstadt.de\/index.php?rest_route=\/wp\/v2\/pages\/386"}],"wp:attachment":[{"href":"https:\/\/beratung.realschule-hoechstadt.de\/index.php?rest_route=%2Fwp%2Fv2%2Fmedia&parent=476"}],"curies":[{"name":"wp","href":"https:\/\/api.w.org\/{rel}","templated":true}]}}