{"id":599,"date":"2023-11-07T20:21:46","date_gmt":"2023-11-07T18:21:46","guid":{"rendered":"https:\/\/beratung.realschule-hoechstadt.de\/?page_id=599"},"modified":"2023-11-07T21:33:41","modified_gmt":"2023-11-07T19:33:41","slug":"websites-zur-berufsfindung","status":"publish","type":"page","link":"https:\/\/beratung.realschule-hoechstadt.de\/?page_id=599","title":{"rendered":"Praktikum und Berufsfindung"},"content":{"rendered":"<h3 class=\"the_headline_list\">Praktikum<\/h3>\n<ul>\n<li>Sprungbrett Bayern ist die Plattform, wenn es um das Thema Praktikum in Bayern geht:<br \/>\n<h3 class=\"show_emph\"><a target=\"_blank\" href=\"https:\/\/www.sprungbrett-bayern.de\" rel=\"noopener\">&gt;&gt; www.sprungbrett-bayern.de<\/a><\/h3>\n<\/li>\n<li>Mit Virtual Work Experience lassen sich Berufe durch VR-Brillen virtuell ausprobieren:<br \/>\n<h3 class=\"show_emph\"><a target=\"_blank\" href=\"https:\/\/www.sprungbrett-bayern.de\/virtual-work-experience\" rel=\"noopener\">&gt;&gt; www.sprungbrett-bayern.de\/virtual-work-experience<\/a><\/h3>\n<\/li>\n<\/ul>\n<p>&nbsp;<\/p>\n<h3 class=\"the_headline_list\">Selbstreflexionstests f\u00fcr Sch\u00fclerinnen und Sch\u00fcler<\/h3>\n<ul>\n<li>Mach den kostenlosen Berufsorientierungstest und finde in wenigen Minuten heraus, welcher Weg zum Traumberuf am besten zu dir, deinen Interessen, F\u00e4higkeiten und Talenten passt:<br \/>\n<h3 class=\"show_emph\"><a target=\"_blank\" href=\"https:\/\/www.ausbildungsoffensive-bayern.de\/berufsweg-check\" rel=\"noopener\">&gt;&gt; www.ausbildungsoffensive-bayern.de\/berufsweg-check<\/a><\/h3>\n<\/li>\n<li>\u00dcberpr\u00fcfe mit dem Erkundungstool Check-U, welche Interessen und St\u00e4rken du hast, oder finde mit dem Berufswahltest heraus, wie gut du f\u00fcr einen Beruf geeignet bist:<br \/>\n<h3 class=\"show_emph\"><a target=\"_blank\" href=\"https:\/\/www.arbeitsagentur.de\/bildung\/ausbildung\/welche-berufe-passen\" rel=\"noopener\">&gt;&gt; www.arbeitsagentur.de\/bildung\/ausbildung\/welche-berufe-passen<\/a><\/h3>\n<\/li>\n<\/ul>\n<p>&nbsp;<\/p>\n<h3 class=\"the_headline_list\">SCHULEWIRTSCHAFT Bayern<\/h3>\n<ul>\n<li>\u00dcber SCHULEWIRTSCHAFT Bayern werden verschiedene Angebote aus den Bereichen MINT-Bildung, \u00f6konomische Bildung, Elternarbeit und Berufsorientierung den Schulen kostenfrei angeboten:<br \/>\n<h3 class=\"show_emph\"><a target=\"_blank\" href=\"https:\/\/schulewirtschaft-bayern.de\" rel=\"noopener\">&gt;&gt; schulewirtschaft-bayern.de<\/a><\/h3>\n<\/li>\n<\/ul>\n<p>&nbsp;<\/p>\n<h3 class=\"the_headline_list\">BOBY &ndash; Berufsorientierung in Bayern<\/h3>\n<ul>\n<li>Informationen, Tipps, Angebote zur Beruflichen Orientierung sowie Veranstaltungstermine aus ganz Bayern bietet diese Seite der Bayerischen Staatsregierung:<br \/>\n<h3 class=\"show_emph\"><a target=\"_blank\" href=\"https:\/\/www.boby.bayern.de\" rel=\"noopener\">&gt;&gt; www.boby.bayern.de<\/a><\/h3>\n<\/li>\n<\/ul>\n<p>&nbsp;<\/p>\n<h3 class=\"the_headline_list\">planet-beruf.de<\/h3>\n<ul>\n<li>Diese Seite der Bundesagentur f\u00fcr Arbeit enth\u00e4lt s\u00e4mtliche Informationen zum Entscheidungsprozess &#8222;Berufswahl&#8220;:<br \/>\n<h3 class=\"show_emph\"><a target=\"_blank\" href=\"https:\/\/planet-beruf.de\/schuelerinnen\" rel=\"noopener\">&gt;&gt; planet-beruf.de\/schuelerinnen<\/a><\/h3>\n<\/li>\n<li>Im Bereich &#8222;Lehrkr\u00e4fte und BO-Coaches&#8220; gibt es zahlreiche Materialien und Informationen zur  Beruflichen Orientierung:<br \/>\n<h3 class=\"show_emph\"><a target=\"_blank\" href=\"https:\/\/planet-beruf.de\/lehrkraefte-und-bo-coaches\" rel=\"noopener\">&gt;&gt; planet-beruf.de\/lehrkraefte-und-bo-coaches<\/a><\/h3>\n<\/li>\n<\/ul>\n<p>&nbsp;<\/p>\n<h3 class=\"the_headline_list\">Berufenavi<\/h3>\n<ul>\n<li>Diese Seite des Bundesministeriums f\u00fcr Bildung und Forschung und Bundesinstituts f\u00fcr Berufsbildung bietet ebenfalls Informationen zum gesamten Entscheidungsprozess.<br \/>\n<h3 class=\"show_emph\"><a target=\"_blank\" href=\"https:\/\/www.berufenavi.de\" rel=\"noopener\">&gt;&gt; www.berufenavi.de<\/a><\/h3<\/li>\n<\/ul>\n<p>&nbsp;<\/p>\n<p>&nbsp;<\/p>\n<p><!-- list skeleton --\n\n\n<h3 class=\"the_headline_list\">\n<\/h3>\n\n\n \n\n\n<ul>\n\n\n<li>\n\n<h3 class=\"show_emph\"><a target=\"_blank\" href=\"\n\" rel=\"noopener\">&gt;&gt; \n<\/a><\/h3>\n\n<\/li>\n\n\n<!-- --><\/p>\n","protected":false},"excerpt":{"rendered":"<p>Praktikum Sprungbrett Bayern ist die Plattform, wenn es um das Thema Praktikum in Bayern geht: &gt;&gt; www.sprungbrett-bayern.de Mit Virtual Work Experience lassen sich Berufe durch VR-Brillen virtuell ausprobieren: &gt;&gt; www.sprungbrett-bayern.de\/virtual-work-experience &nbsp; Selbstreflexionstests f\u00fcr Sch\u00fclerinnen und Sch\u00fcler Mach den kostenlosen Berufsorientierungstest und finde in wenigen Minuten heraus, welcher Weg zum Traumberuf am besten zu dir, deinen [&hellip;]<\/p>\n","protected":false},"author":1,"featured_media":0,"parent":0,"menu_order":0,"comment_status":"closed","ping_status":"closed","template":"","meta":{"footnotes":""},"class_list":["post-599","page","type-page","status-publish","hentry"],"_links":{"self":[{"href":"https:\/\/beratung.realschule-hoechstadt.de\/index.php?rest_route=\/wp\/v2\/pages\/599","targetHints":{"allow":["GET"]}}],"collection":[{"href":"https:\/\/beratung.realschule-hoechstadt.de\/index.php?rest_route=\/wp\/v2\/pages"}],"about":[{"href":"https:\/\/beratung.realschule-hoechstadt.de\/index.php?rest_route=\/wp\/v2\/types\/page"}],"author":[{"embeddable":true,"href":"https:\/\/beratung.realschule-hoechstadt.de\/index.php?rest_route=\/wp\/v2\/users\/1"}],"replies":[{"embeddable":true,"href":"https:\/\/beratung.realschule-hoechstadt.de\/index.php?rest_route=%2Fwp%2Fv2%2Fcomments&post=599"}],"version-history":[{"count":14,"href":"https:\/\/beratung.realschule-hoechstadt.de\/index.php?rest_route=\/wp\/v2\/pages\/599\/revisions"}],"predecessor-version":[{"id":640,"href":"https:\/\/beratung.realschule-hoechstadt.de\/index.php?rest_route=\/wp\/v2\/pages\/599\/revisions\/640"}],"wp:attachment":[{"href":"https:\/\/beratung.realschule-hoechstadt.de\/index.php?rest_route=%2Fwp%2Fv2%2Fmedia&parent=599"}],"curies":[{"name":"wp","href":"https:\/\/api.w.org\/{rel}","templated":true}]}}